{"id":555,"date":"2024-08-18T14:39:12","date_gmt":"2024-08-18T14:39:12","guid":{"rendered":"https:\/\/tesatrans.com\/teenused\/uldine-kaubavedu\/"},"modified":"2024-08-30T17:48:02","modified_gmt":"2024-08-30T17:48:02","slug":"uldine-kaubavedu","status":"publish","type":"page","link":"https:\/\/tesatrans.com\/et\/teenused\/uldine-kaubavedu\/","title":{"rendered":"\u00dcldine kaubavedu"},"content":{"rendered":"\t\t<div data-elementor-type=\"wp-page\" data-elementor-id=\"555\" class=\"elementor elementor-555 elementor-174\">\n\t\t\t\t<div class=\"elementor-element elementor-element-7d0bbc2 e-flex e-con-boxed e-con e-parent\" data-id=\"7d0bbc2\" data-element_type=\"container\" data-settings=\"{&quot;background_background&quot;:&quot;classic&quot;}\">\n\t\t\t\t\t<div class=\"e-con-inner\">\n\t\t\t\t<div class=\"elementor-element elementor-element-466054b exad-sticky-section-no exad-glass-effect-no elementor-widget elementor-widget-heading\" data-id=\"466054b\" data-element_type=\"widget\" data-widget_type=\"heading.default\">\n\t\t\t\t<div class=\"elementor-widget-container\">\n\t\t\t<style>\/*! elementor - v3.23.0 - 05-08-2024 *\/\n.elementor-heading-title{padding:0;margin:0;line-height:1}.elementor-widget-heading .elementor-heading-title[class*=elementor-size-]>a{color:inherit;font-size:inherit;line-height:inherit}.elementor-widget-heading .elementor-heading-title.elementor-size-small{font-size:15px}.elementor-widget-heading .elementor-heading-title.elementor-size-medium{font-size:19px}.elementor-widget-heading .elementor-heading-title.elementor-size-large{font-size:29px}.elementor-widget-heading .elementor-heading-title.elementor-size-xl{font-size:39px}.elementor-widget-heading .elementor-heading-title.elementor-size-xxl{font-size:59px}<\/style><h2 class=\"elementor-heading-title elementor-size-default\">\u00dcldine kaubavedu<\/h2>\t\t<\/div>\n\t\t\t\t<\/div>\n\t\t\t\t\t<\/div>\n\t\t\t\t<\/div>\n\t\t<div class=\"elementor-element elementor-element-e3669b8 e-flex e-con-boxed elementor-invisible e-con e-parent\" data-id=\"e3669b8\" data-element_type=\"container\" data-settings=\"{&quot;animation&quot;:&quot;slideInUp&quot;}\">\n\t\t\t\t\t<div class=\"e-con-inner\">\n\t\t\t\t<div class=\"elementor-element elementor-element-cc23214 exad-sticky-section-no exad-glass-effect-no elementor-widget elementor-widget-text-editor\" data-id=\"cc23214\" data-element_type=\"widget\" data-widget_type=\"text-editor.default\">\n\t\t\t\t<div class=\"elementor-widget-container\">\n\t\t\t<style>\/*! elementor - v3.23.0 - 05-08-2024 *\/\n.elementor-widget-text-editor.elementor-drop-cap-view-stacked .elementor-drop-cap{background-color:#69727d;color:#fff}.elementor-widget-text-editor.elementor-drop-cap-view-framed .elementor-drop-cap{color:#69727d;border:3px solid;background-color:transparent}.elementor-widget-text-editor:not(.elementor-drop-cap-view-default) .elementor-drop-cap{margin-top:8px}.elementor-widget-text-editor:not(.elementor-drop-cap-view-default) .elementor-drop-cap-letter{width:1em;height:1em}.elementor-widget-text-editor .elementor-drop-cap{float:left;text-align:center;line-height:1;font-size:50px}.elementor-widget-text-editor .elementor-drop-cap-letter{display:inline-block}<\/style>\t\t\t\t<p>\u00dcldine kaubavedu on keeruline ja vastutustundlik protsess, mis n\u00f5uab p\u00e4devat planeerimist ja k\u00f5igi standardite j\u00e4rgimist.<br \/>\nMeie logistikafirma pakub professionaalset teenust \u00fcldlasti veoks, tagades \u00f5igeaegse ja turvalise kohaletoimetamise.<br \/>\u00dcldlasti on \u00fcksikud, jagamatud v\u00f5i pakendatud kaubad, mida transporditakse ilma teiste kaupadega \u00fchendamata<br \/>Meie eelised:<br \/>&#8211; Marsruudi optimeerimine: planeerime hoolikalt marsruute, et l\u00fchendada tarneaega ja v\u00e4hendada kulusid.<br \/>&#8211; J\u00e4relevalve igal sammul: teie saadetise j\u00e4lgimine reaalajas v\u00f5imaldab teil igal ajal teada, kus see on.<br \/>&#8211; Individuaalne: v\u00f5tame arvesse iga saadetise erip\u00e4ra ja kliendi vajadusi, et t\u00f6\u00f6tada v\u00e4lja kohandatud logistikalahendused<br \/>Me m\u00f5istame, kui oluline on, et teie saadetis j\u00f5uaks \u00f5igel ajal ja tervena kohale.<br \/>\nMeie kogenud spetsialistide meeskond on valmis hoolitsema k\u00f5igi teie veovajaduste eest, sealhulgas dokumentide haldamise, vedajate l\u00e4bir\u00e4\u00e4kimised ja rahvusvaheliste saadetiste tollivormistuse eest.  <\/p>\n\t\t\t\t\t\t<\/div>\n\t\t\t\t<\/div>\n\t\t\t\t\t<\/div>\n\t\t\t\t<\/div>\n\t\t\t\t<\/div>\n\t\t","protected":false},"excerpt":{"rendered":"<p>\u00dcldine kaubavedu \u00dcldine kaubavedu on keeruline ja vastutustundlik protsess, mis n\u00f5uab p\u00e4devat planeerimist ja k\u00f5igi standardite j\u00e4rgimist. Meie logistikafirma pakub [&hellip;]<\/p>\n","protected":false},"author":1,"featured_media":0,"parent":508,"menu_order":0,"comment_status":"closed","ping_status":"closed","template":"elementor_header_footer","meta":{"site-sidebar-layout":"no-sidebar","site-content-layout":"plain-container","ast-site-content-layout":"full-width-container","site-content-style":"unboxed","site-sidebar-style":"default","ast-global-header-display":"","ast-banner-title-visibility":"","ast-main-header-display":"","ast-hfb-above-header-display":"","ast-hfb-below-header-display":"","ast-hfb-mobile-header-display":"","site-post-title":"disabled","ast-breadcrumbs-content":"","ast-featured-img":"disabled","footer-sml-layout":"","theme-transparent-header-meta":"enabled","adv-header-id-meta":"","stick-header-meta":"","header-above-stick-meta":"","header-main-stick-meta":"","header-below-stick-meta":"","astra-migrate-meta-layouts":"default","ast-page-background-enabled":"default","ast-page-background-meta":{"desktop":{"background-color":"var(--ast-global-color-4)","background-image":"","background-repeat":"repeat","background-position":"center center","background-size":"auto","background-attachment":"scroll","background-type":"","background-media":"","overlay-type":"","overlay-color":"","overlay-opacity":"","overlay-gradient":""},"tablet":{"background-color":"","background-image":"","background-repeat":"repeat","background-position":"center center","background-size":"auto","background-attachment":"scroll","background-type":"","background-media":"","overlay-type":"","overlay-color":"","overlay-opacity":"","overlay-gradient":""},"mobile":{"background-color":"","background-image":"","background-repeat":"repeat","background-position":"center center","background-size":"auto","background-attachment":"scroll","background-type":"","background-media":"","overlay-type":"","overlay-color":"","overlay-opacity":"","overlay-gradient":""}},"ast-content-background-meta":{"desktop":{"background-color":"var(--ast-global-color-5)","background-image":"","background-repeat":"repeat","background-position":"center center","background-size":"auto","background-attachment":"scroll","background-type":"","background-media":"","overlay-type":"","overlay-color":"","overlay-opacity":"","overlay-gradient":""},"tablet":{"background-color":"var(--ast-global-color-5)","background-image":"","background-repeat":"repeat","background-position":"center center","background-size":"auto","background-attachment":"scroll","background-type":"","background-media":"","overlay-type":"","overlay-color":"","overlay-opacity":"","overlay-gradient":""},"mobile":{"background-color":"var(--ast-global-color-5)","background-image":"","background-repeat":"repeat","background-position":"center center","background-size":"auto","background-attachment":"scroll","background-type":"","background-media":"","overlay-type":"","overlay-color":"","overlay-opacity":"","overlay-gradient":""}},"footnotes":""},"class_list":["post-555","page","type-page","status-publish","hentry"],"yoast_head":"<!-- This site is optimized with the Yoast SEO plugin v23.3 - https:\/\/yoast.com\/wordpress\/plugins\/seo\/ -->\n<title>\u00dcldine kaubavedu - TesaTrans<\/title>\n<meta name=\"robots\" content=\"index, follow, max-snippet:-1, max-image-preview:large, max-video-preview:-1\" \/>\n<link rel=\"canonical\" href=\"https:\/\/tesatrans.com\/et\/teenused\/uldine-kaubavedu\/\" \/>\n<meta property=\"og:locale\" content=\"et_EE\" \/>\n<meta property=\"og:type\" content=\"article\" \/>\n<meta property=\"og:title\" content=\"\u00dcldine kaubavedu - TesaTrans\" \/>\n<meta property=\"og:description\" content=\"\u00dcldine kaubavedu \u00dcldine kaubavedu on keeruline ja vastutustundlik protsess, mis n\u00f5uab p\u00e4devat planeerimist ja k\u00f5igi standardite j\u00e4rgimist. Meie logistikafirma pakub [&hellip;]\" \/>\n<meta property=\"og:url\" content=\"https:\/\/tesatrans.com\/et\/teenused\/uldine-kaubavedu\/\" \/>\n<meta property=\"og:site_name\" content=\"TesaTrans\" \/>\n<meta property=\"article:modified_time\" content=\"2024-08-30T17:48:02+00:00\" \/>\n<meta name=\"twitter:card\" content=\"summary_large_image\" \/>\n<meta name=\"twitter:label1\" content=\"Est. reading time\" \/>\n\t<meta name=\"twitter:data1\" content=\"1 minut\" \/>\n<script type=\"application\/ld+json\" class=\"yoast-schema-graph\">{\"@context\":\"https:\/\/schema.org\",\"@graph\":[{\"@type\":\"WebPage\",\"@id\":\"https:\/\/tesatrans.com\/et\/teenused\/uldine-kaubavedu\/\",\"url\":\"https:\/\/tesatrans.com\/et\/teenused\/uldine-kaubavedu\/\",\"name\":\"\u00dcldine kaubavedu - TesaTrans\",\"isPartOf\":{\"@id\":\"https:\/\/tesatrans.com\/et\/#website\"},\"datePublished\":\"2024-08-18T14:39:12+00:00\",\"dateModified\":\"2024-08-30T17:48:02+00:00\",\"breadcrumb\":{\"@id\":\"https:\/\/tesatrans.com\/et\/teenused\/uldine-kaubavedu\/#breadcrumb\"},\"inLanguage\":\"et\",\"potentialAction\":[{\"@type\":\"ReadAction\",\"target\":[\"https:\/\/tesatrans.com\/et\/teenused\/uldine-kaubavedu\/\"]}]},{\"@type\":\"BreadcrumbList\",\"@id\":\"https:\/\/tesatrans.com\/et\/teenused\/uldine-kaubavedu\/#breadcrumb\",\"itemListElement\":[{\"@type\":\"ListItem\",\"position\":1,\"name\":\"Home\",\"item\":\"https:\/\/tesatrans.com\/et\/\"},{\"@type\":\"ListItem\",\"position\":2,\"name\":\"Teenused\",\"item\":\"https:\/\/tesatrans.com\/et\/services\/\"},{\"@type\":\"ListItem\",\"position\":3,\"name\":\"\u00dcldine kaubavedu\"}]},{\"@type\":\"WebSite\",\"@id\":\"https:\/\/tesatrans.com\/et\/#website\",\"url\":\"https:\/\/tesatrans.com\/et\/\",\"name\":\"TesaTrans\",\"description\":\"\",\"publisher\":{\"@id\":\"https:\/\/tesatrans.com\/et\/#organization\"},\"potentialAction\":[{\"@type\":\"SearchAction\",\"target\":{\"@type\":\"EntryPoint\",\"urlTemplate\":\"https:\/\/tesatrans.com\/et\/?s={search_term_string}\"},\"query-input\":\"required name=search_term_string\"}],\"inLanguage\":\"et\"},{\"@type\":\"Organization\",\"@id\":\"https:\/\/tesatrans.com\/et\/#organization\",\"name\":\"TesaTrans\",\"url\":\"https:\/\/tesatrans.com\/et\/\",\"logo\":{\"@type\":\"ImageObject\",\"inLanguage\":\"et\",\"@id\":\"https:\/\/tesatrans.com\/et\/#\/schema\/logo\/image\/\",\"url\":\"https:\/\/tesatrans.com\/wp-content\/uploads\/2024\/08\/cropped-cropped-rhino_orig.png\",\"contentUrl\":\"https:\/\/tesatrans.com\/wp-content\/uploads\/2024\/08\/cropped-cropped-rhino_orig.png\",\"width\":1566,\"height\":394,\"caption\":\"TesaTrans\"},\"image\":{\"@id\":\"https:\/\/tesatrans.com\/et\/#\/schema\/logo\/image\/\"}}]}<\/script>\n<!-- \/ Yoast SEO plugin. -->","yoast_head_json":{"title":"\u00dcldine kaubavedu - TesaTrans","robots":{"index":"index","follow":"follow","max-snippet":"max-snippet:-1","max-image-preview":"max-image-preview:large","max-video-preview":"max-video-preview:-1"},"canonical":"https:\/\/tesatrans.com\/et\/teenused\/uldine-kaubavedu\/","og_locale":"et_EE","og_type":"article","og_title":"\u00dcldine kaubavedu - TesaTrans","og_description":"\u00dcldine kaubavedu \u00dcldine kaubavedu on keeruline ja vastutustundlik protsess, mis n\u00f5uab p\u00e4devat planeerimist ja k\u00f5igi standardite j\u00e4rgimist. Meie logistikafirma pakub [&hellip;]","og_url":"https:\/\/tesatrans.com\/et\/teenused\/uldine-kaubavedu\/","og_site_name":"TesaTrans","article_modified_time":"2024-08-30T17:48:02+00:00","twitter_card":"summary_large_image","twitter_misc":{"Est. reading time":"1 minut"},"schema":{"@context":"https:\/\/schema.org","@graph":[{"@type":"WebPage","@id":"https:\/\/tesatrans.com\/et\/teenused\/uldine-kaubavedu\/","url":"https:\/\/tesatrans.com\/et\/teenused\/uldine-kaubavedu\/","name":"\u00dcldine kaubavedu - TesaTrans","isPartOf":{"@id":"https:\/\/tesatrans.com\/et\/#website"},"datePublished":"2024-08-18T14:39:12+00:00","dateModified":"2024-08-30T17:48:02+00:00","breadcrumb":{"@id":"https:\/\/tesatrans.com\/et\/teenused\/uldine-kaubavedu\/#breadcrumb"},"inLanguage":"et","potentialAction":[{"@type":"ReadAction","target":["https:\/\/tesatrans.com\/et\/teenused\/uldine-kaubavedu\/"]}]},{"@type":"BreadcrumbList","@id":"https:\/\/tesatrans.com\/et\/teenused\/uldine-kaubavedu\/#breadcrumb","itemListElement":[{"@type":"ListItem","position":1,"name":"Home","item":"https:\/\/tesatrans.com\/et\/"},{"@type":"ListItem","position":2,"name":"Teenused","item":"https:\/\/tesatrans.com\/et\/services\/"},{"@type":"ListItem","position":3,"name":"\u00dcldine kaubavedu"}]},{"@type":"WebSite","@id":"https:\/\/tesatrans.com\/et\/#website","url":"https:\/\/tesatrans.com\/et\/","name":"TesaTrans","description":"","publisher":{"@id":"https:\/\/tesatrans.com\/et\/#organization"},"potentialAction":[{"@type":"SearchAction","target":{"@type":"EntryPoint","urlTemplate":"https:\/\/tesatrans.com\/et\/?s={search_term_string}"},"query-input":"required name=search_term_string"}],"inLanguage":"et"},{"@type":"Organization","@id":"https:\/\/tesatrans.com\/et\/#organization","name":"TesaTrans","url":"https:\/\/tesatrans.com\/et\/","logo":{"@type":"ImageObject","inLanguage":"et","@id":"https:\/\/tesatrans.com\/et\/#\/schema\/logo\/image\/","url":"https:\/\/tesatrans.com\/wp-content\/uploads\/2024\/08\/cropped-cropped-rhino_orig.png","contentUrl":"https:\/\/tesatrans.com\/wp-content\/uploads\/2024\/08\/cropped-cropped-rhino_orig.png","width":1566,"height":394,"caption":"TesaTrans"},"image":{"@id":"https:\/\/tesatrans.com\/et\/#\/schema\/logo\/image\/"}}]}},"_links":{"self":[{"href":"https:\/\/tesatrans.com\/et\/wp-json\/wp\/v2\/pages\/555","targetHints":{"allow":["GET"]}}],"collection":[{"href":"https:\/\/tesatrans.com\/et\/wp-json\/wp\/v2\/pages"}],"about":[{"href":"https:\/\/tesatrans.com\/et\/wp-json\/wp\/v2\/types\/page"}],"author":[{"embeddable":true,"href":"https:\/\/tesatrans.com\/et\/wp-json\/wp\/v2\/users\/1"}],"replies":[{"embeddable":true,"href":"https:\/\/tesatrans.com\/et\/wp-json\/wp\/v2\/comments?post=555"}],"version-history":[{"count":2,"href":"https:\/\/tesatrans.com\/et\/wp-json\/wp\/v2\/pages\/555\/revisions"}],"predecessor-version":[{"id":761,"href":"https:\/\/tesatrans.com\/et\/wp-json\/wp\/v2\/pages\/555\/revisions\/761"}],"up":[{"embeddable":true,"href":"https:\/\/tesatrans.com\/et\/wp-json\/wp\/v2\/pages\/508"}],"wp:attachment":[{"href":"https:\/\/tesatrans.com\/et\/wp-json\/wp\/v2\/media?parent=555"}],"curies":[{"name":"wp","href":"https:\/\/api.w.org\/{rel}","templated":true}]}}