{"id":532,"date":"2024-08-18T14:37:32","date_gmt":"2024-08-18T14:37:32","guid":{"rendered":"https:\/\/tesatrans.com\/teenused\/temperatuuritundlikud-kaubad\/"},"modified":"2024-08-30T17:48:02","modified_gmt":"2024-08-30T17:48:02","slug":"temperatuuritundlikud-kaubad","status":"publish","type":"page","link":"https:\/\/tesatrans.com\/et\/teenused\/temperatuuritundlikud-kaubad\/","title":{"rendered":"Temperatuuritundlikud kaubad"},"content":{"rendered":"\t\t<div data-elementor-type=\"wp-page\" data-elementor-id=\"532\" class=\"elementor elementor-532 elementor-167\">\n\t\t\t\t<div class=\"elementor-element elementor-element-7d0bbc2 e-flex e-con-boxed e-con e-parent\" data-id=\"7d0bbc2\" data-element_type=\"container\" data-settings=\"{&quot;background_background&quot;:&quot;classic&quot;}\">\n\t\t\t\t\t<div class=\"e-con-inner\">\n\t\t\t\t<div class=\"elementor-element elementor-element-466054b exad-sticky-section-no exad-glass-effect-no elementor-widget elementor-widget-heading\" data-id=\"466054b\" data-element_type=\"widget\" data-widget_type=\"heading.default\">\n\t\t\t\t<div class=\"elementor-widget-container\">\n\t\t\t<style>\/*! elementor - v3.23.0 - 05-08-2024 *\/\n.elementor-heading-title{padding:0;margin:0;line-height:1}.elementor-widget-heading .elementor-heading-title[class*=elementor-size-]>a{color:inherit;font-size:inherit;line-height:inherit}.elementor-widget-heading .elementor-heading-title.elementor-size-small{font-size:15px}.elementor-widget-heading .elementor-heading-title.elementor-size-medium{font-size:19px}.elementor-widget-heading .elementor-heading-title.elementor-size-large{font-size:29px}.elementor-widget-heading .elementor-heading-title.elementor-size-xl{font-size:39px}.elementor-widget-heading .elementor-heading-title.elementor-size-xxl{font-size:59px}<\/style><h2 class=\"elementor-heading-title elementor-size-default\">Temperatuuritundlike kaupade vedu<\/h2>\t\t<\/div>\n\t\t\t\t<\/div>\n\t\t\t\t\t<\/div>\n\t\t\t\t<\/div>\n\t\t<div class=\"elementor-element elementor-element-e3669b8 e-flex e-con-boxed elementor-invisible e-con e-parent\" data-id=\"e3669b8\" data-element_type=\"container\" data-settings=\"{&quot;animation&quot;:&quot;slideInUp&quot;}\">\n\t\t\t\t\t<div class=\"e-con-inner\">\n\t\t\t\t<div class=\"elementor-element elementor-element-cc23214 exad-sticky-section-no exad-glass-effect-no elementor-widget elementor-widget-text-editor\" data-id=\"cc23214\" data-element_type=\"widget\" data-widget_type=\"text-editor.default\">\n\t\t\t\t<div class=\"elementor-widget-container\">\n\t\t\t<style>\/*! elementor - v3.23.0 - 05-08-2024 *\/\n.elementor-widget-text-editor.elementor-drop-cap-view-stacked .elementor-drop-cap{background-color:#69727d;color:#fff}.elementor-widget-text-editor.elementor-drop-cap-view-framed .elementor-drop-cap{color:#69727d;border:3px solid;background-color:transparent}.elementor-widget-text-editor:not(.elementor-drop-cap-view-default) .elementor-drop-cap{margin-top:8px}.elementor-widget-text-editor:not(.elementor-drop-cap-view-default) .elementor-drop-cap-letter{width:1em;height:1em}.elementor-widget-text-editor .elementor-drop-cap{float:left;text-align:center;line-height:1;font-size:50px}.elementor-widget-text-editor .elementor-drop-cap-letter{display:inline-block}<\/style>\t\t\t\t<p>Temperatuuritundliku lasti vedu n\u00f5uab erilist l\u00e4henemist ning k\u00f5igi normide ja standardite ranget j\u00e4rgimist.<br \/>\nMeie logistikafirma pakub terviklahendusi selliste kaupade ohutuks transpordiks, tagades temperatuuri kontrolli k\u00f5ikides tarneetappides. <br \/>Temperatuuritundlikud kaubad on kaubad, mis vajavad oma omaduste ja kvaliteedi s\u00e4ilitamiseks kindlat temperatuurire\u017eiimi.<br \/>Pakume eri t\u00fc\u00fcpi kliimaseadmetega transpordivahendeid, et tagada \u00f5ige temperatuuri s\u00e4ilimine kogu reisi v\u00e4ltel:<br \/>&#8211; isotermilised kaubikud ja k\u00fclmutusautod: p\u00fcsiva temperatuuri s\u00e4ilitamiseks vahemikus -25 kuni +25 \u00b0C.<br \/>&#8211; Temperatuuri j\u00e4lgimine: j\u00e4lgime temperatuuri n\u00e4itu reaalajas, mis v\u00f5imaldab meil kiiresti reageerida k\u00f5rvalekalletele.<br \/>&#8211; K\u00f5rgtehnoloogiline transport: kasutame kaasaegseid s\u00f5idukeid, mis on varustatud t\u00e4psete temperatuuriseireseadmetega.<br \/>&#8211; Paindlikud marsruudid ja s\u00f5iduplaanid: valime optimaalsed logistilised lahendused, mis v\u00f5tavad arvesse k\u00f5iki teie lasti erip\u00e4rasid.<br \/>-Operatiivne tarne: garanteerime v\u00f5imalikult l\u00fchikese transpordiaja, et s\u00e4ilitada teie kauba v\u00e4rskus ja kvaliteet.<br \/>-Kontroll ja aruandlus: pakume t\u00e4ielikku aruandlust teie saadetise seisundi ja temperatuuri kohta transpordi ajal<br \/>. Me m\u00f5istame, et temperatuuritundliku lasti kvaliteedi s\u00e4ilitamine s\u00f5ltub t\u00e4psest temperatuurikontrollist.<br \/>\nT\u00e4nu meie meeskonna aastatepikkusele kogemusele ja asjatundlikkusele v\u00f5ite olla kindel, et teie saadetis j\u00f5uab sihtkohta optimaalses seisukorras. <\/p>\n\t\t\t\t\t\t<\/div>\n\t\t\t\t<\/div>\n\t\t\t\t\t<\/div>\n\t\t\t\t<\/div>\n\t\t\t\t<\/div>\n\t\t","protected":false},"excerpt":{"rendered":"<p>Temperatuuritundlike kaupade vedu Temperatuuritundliku lasti vedu n\u00f5uab erilist l\u00e4henemist ning k\u00f5igi normide ja standardite ranget j\u00e4rgimist. Meie logistikafirma pakub terviklahendusi [&hellip;]<\/p>\n","protected":false},"author":1,"featured_media":0,"parent":508,"menu_order":0,"comment_status":"closed","ping_status":"closed","template":"elementor_header_footer","meta":{"site-sidebar-layout":"no-sidebar","site-content-layout":"plain-container","ast-site-content-layout":"full-width-container","site-content-style":"unboxed","site-sidebar-style":"default","ast-global-header-display":"","ast-banner-title-visibility":"","ast-main-header-display":"","ast-hfb-above-header-display":"","ast-hfb-below-header-display":"","ast-hfb-mobile-header-display":"","site-post-title":"disabled","ast-breadcrumbs-content":"","ast-featured-img":"disabled","footer-sml-layout":"","theme-transparent-header-meta":"enabled","adv-header-id-meta":"","stick-header-meta":"","header-above-stick-meta":"","header-main-stick-meta":"","header-below-stick-meta":"","astra-migrate-meta-layouts":"default","ast-page-background-enabled":"default","ast-page-background-meta":{"desktop":{"background-color":"var(--ast-global-color-4)","background-image":"","background-repeat":"repeat","background-position":"center center","background-size":"auto","background-attachment":"scroll","background-type":"","background-media":"","overlay-type":"","overlay-color":"","overlay-opacity":"","overlay-gradient":""},"tablet":{"background-color":"","background-image":"","background-repeat":"repeat","background-position":"center center","background-size":"auto","background-attachment":"scroll","background-type":"","background-media":"","overlay-type":"","overlay-color":"","overlay-opacity":"","overlay-gradient":""},"mobile":{"background-color":"","background-image":"","background-repeat":"repeat","background-position":"center center","background-size":"auto","background-attachment":"scroll","background-type":"","background-media":"","overlay-type":"","overlay-color":"","overlay-opacity":"","overlay-gradient":""}},"ast-content-background-meta":{"desktop":{"background-color":"var(--ast-global-color-5)","background-image":"","background-repeat":"repeat","background-position":"center center","background-size":"auto","background-attachment":"scroll","background-type":"","background-media":"","overlay-type":"","overlay-color":"","overlay-opacity":"","overlay-gradient":""},"tablet":{"background-color":"var(--ast-global-color-5)","background-image":"","background-repeat":"repeat","background-position":"center center","background-size":"auto","background-attachment":"scroll","background-type":"","background-media":"","overlay-type":"","overlay-color":"","overlay-opacity":"","overlay-gradient":""},"mobile":{"background-color":"var(--ast-global-color-5)","background-image":"","background-repeat":"repeat","background-position":"center center","background-size":"auto","background-attachment":"scroll","background-type":"","background-media":"","overlay-type":"","overlay-color":"","overlay-opacity":"","overlay-gradient":""}},"footnotes":""},"class_list":["post-532","page","type-page","status-publish","hentry"],"yoast_head":"<!-- This site is optimized with the Yoast SEO plugin v23.3 - https:\/\/yoast.com\/wordpress\/plugins\/seo\/ -->\n<title>Temperatuuritundlikud kaubad - TesaTrans<\/title>\n<meta name=\"robots\" content=\"index, follow, max-snippet:-1, max-image-preview:large, max-video-preview:-1\" \/>\n<link rel=\"canonical\" href=\"https:\/\/tesatrans.com\/et\/teenused\/temperatuuritundlikud-kaubad\/\" \/>\n<meta property=\"og:locale\" content=\"et_EE\" \/>\n<meta property=\"og:type\" content=\"article\" \/>\n<meta property=\"og:title\" content=\"Temperatuuritundlikud kaubad - TesaTrans\" \/>\n<meta property=\"og:description\" content=\"Temperatuuritundlike kaupade vedu Temperatuuritundliku lasti vedu n\u00f5uab erilist l\u00e4henemist ning k\u00f5igi normide ja standardite ranget j\u00e4rgimist. Meie logistikafirma pakub terviklahendusi [&hellip;]\" \/>\n<meta property=\"og:url\" content=\"https:\/\/tesatrans.com\/et\/teenused\/temperatuuritundlikud-kaubad\/\" \/>\n<meta property=\"og:site_name\" content=\"TesaTrans\" \/>\n<meta property=\"article:modified_time\" content=\"2024-08-30T17:48:02+00:00\" \/>\n<meta name=\"twitter:card\" content=\"summary_large_image\" \/>\n<meta name=\"twitter:label1\" content=\"Est. reading time\" \/>\n\t<meta name=\"twitter:data1\" content=\"1 minut\" \/>\n<script type=\"application\/ld+json\" class=\"yoast-schema-graph\">{\"@context\":\"https:\/\/schema.org\",\"@graph\":[{\"@type\":\"WebPage\",\"@id\":\"https:\/\/tesatrans.com\/et\/teenused\/temperatuuritundlikud-kaubad\/\",\"url\":\"https:\/\/tesatrans.com\/et\/teenused\/temperatuuritundlikud-kaubad\/\",\"name\":\"Temperatuuritundlikud kaubad - TesaTrans\",\"isPartOf\":{\"@id\":\"https:\/\/tesatrans.com\/et\/#website\"},\"datePublished\":\"2024-08-18T14:37:32+00:00\",\"dateModified\":\"2024-08-30T17:48:02+00:00\",\"breadcrumb\":{\"@id\":\"https:\/\/tesatrans.com\/et\/teenused\/temperatuuritundlikud-kaubad\/#breadcrumb\"},\"inLanguage\":\"et\",\"potentialAction\":[{\"@type\":\"ReadAction\",\"target\":[\"https:\/\/tesatrans.com\/et\/teenused\/temperatuuritundlikud-kaubad\/\"]}]},{\"@type\":\"BreadcrumbList\",\"@id\":\"https:\/\/tesatrans.com\/et\/teenused\/temperatuuritundlikud-kaubad\/#breadcrumb\",\"itemListElement\":[{\"@type\":\"ListItem\",\"position\":1,\"name\":\"Home\",\"item\":\"https:\/\/tesatrans.com\/et\/\"},{\"@type\":\"ListItem\",\"position\":2,\"name\":\"Teenused\",\"item\":\"https:\/\/tesatrans.com\/et\/services\/\"},{\"@type\":\"ListItem\",\"position\":3,\"name\":\"Temperatuuritundlikud kaubad\"}]},{\"@type\":\"WebSite\",\"@id\":\"https:\/\/tesatrans.com\/et\/#website\",\"url\":\"https:\/\/tesatrans.com\/et\/\",\"name\":\"TesaTrans\",\"description\":\"\",\"publisher\":{\"@id\":\"https:\/\/tesatrans.com\/et\/#organization\"},\"potentialAction\":[{\"@type\":\"SearchAction\",\"target\":{\"@type\":\"EntryPoint\",\"urlTemplate\":\"https:\/\/tesatrans.com\/et\/?s={search_term_string}\"},\"query-input\":\"required name=search_term_string\"}],\"inLanguage\":\"et\"},{\"@type\":\"Organization\",\"@id\":\"https:\/\/tesatrans.com\/et\/#organization\",\"name\":\"TesaTrans\",\"url\":\"https:\/\/tesatrans.com\/et\/\",\"logo\":{\"@type\":\"ImageObject\",\"inLanguage\":\"et\",\"@id\":\"https:\/\/tesatrans.com\/et\/#\/schema\/logo\/image\/\",\"url\":\"https:\/\/tesatrans.com\/wp-content\/uploads\/2024\/08\/cropped-cropped-rhino_orig.png\",\"contentUrl\":\"https:\/\/tesatrans.com\/wp-content\/uploads\/2024\/08\/cropped-cropped-rhino_orig.png\",\"width\":1566,\"height\":394,\"caption\":\"TesaTrans\"},\"image\":{\"@id\":\"https:\/\/tesatrans.com\/et\/#\/schema\/logo\/image\/\"}}]}<\/script>\n<!-- \/ Yoast SEO plugin. -->","yoast_head_json":{"title":"Temperatuuritundlikud kaubad - TesaTrans","robots":{"index":"index","follow":"follow","max-snippet":"max-snippet:-1","max-image-preview":"max-image-preview:large","max-video-preview":"max-video-preview:-1"},"canonical":"https:\/\/tesatrans.com\/et\/teenused\/temperatuuritundlikud-kaubad\/","og_locale":"et_EE","og_type":"article","og_title":"Temperatuuritundlikud kaubad - TesaTrans","og_description":"Temperatuuritundlike kaupade vedu Temperatuuritundliku lasti vedu n\u00f5uab erilist l\u00e4henemist ning k\u00f5igi normide ja standardite ranget j\u00e4rgimist. Meie logistikafirma pakub terviklahendusi [&hellip;]","og_url":"https:\/\/tesatrans.com\/et\/teenused\/temperatuuritundlikud-kaubad\/","og_site_name":"TesaTrans","article_modified_time":"2024-08-30T17:48:02+00:00","twitter_card":"summary_large_image","twitter_misc":{"Est. reading time":"1 minut"},"schema":{"@context":"https:\/\/schema.org","@graph":[{"@type":"WebPage","@id":"https:\/\/tesatrans.com\/et\/teenused\/temperatuuritundlikud-kaubad\/","url":"https:\/\/tesatrans.com\/et\/teenused\/temperatuuritundlikud-kaubad\/","name":"Temperatuuritundlikud kaubad - TesaTrans","isPartOf":{"@id":"https:\/\/tesatrans.com\/et\/#website"},"datePublished":"2024-08-18T14:37:32+00:00","dateModified":"2024-08-30T17:48:02+00:00","breadcrumb":{"@id":"https:\/\/tesatrans.com\/et\/teenused\/temperatuuritundlikud-kaubad\/#breadcrumb"},"inLanguage":"et","potentialAction":[{"@type":"ReadAction","target":["https:\/\/tesatrans.com\/et\/teenused\/temperatuuritundlikud-kaubad\/"]}]},{"@type":"BreadcrumbList","@id":"https:\/\/tesatrans.com\/et\/teenused\/temperatuuritundlikud-kaubad\/#breadcrumb","itemListElement":[{"@type":"ListItem","position":1,"name":"Home","item":"https:\/\/tesatrans.com\/et\/"},{"@type":"ListItem","position":2,"name":"Teenused","item":"https:\/\/tesatrans.com\/et\/services\/"},{"@type":"ListItem","position":3,"name":"Temperatuuritundlikud kaubad"}]},{"@type":"WebSite","@id":"https:\/\/tesatrans.com\/et\/#website","url":"https:\/\/tesatrans.com\/et\/","name":"TesaTrans","description":"","publisher":{"@id":"https:\/\/tesatrans.com\/et\/#organization"},"potentialAction":[{"@type":"SearchAction","target":{"@type":"EntryPoint","urlTemplate":"https:\/\/tesatrans.com\/et\/?s={search_term_string}"},"query-input":"required name=search_term_string"}],"inLanguage":"et"},{"@type":"Organization","@id":"https:\/\/tesatrans.com\/et\/#organization","name":"TesaTrans","url":"https:\/\/tesatrans.com\/et\/","logo":{"@type":"ImageObject","inLanguage":"et","@id":"https:\/\/tesatrans.com\/et\/#\/schema\/logo\/image\/","url":"https:\/\/tesatrans.com\/wp-content\/uploads\/2024\/08\/cropped-cropped-rhino_orig.png","contentUrl":"https:\/\/tesatrans.com\/wp-content\/uploads\/2024\/08\/cropped-cropped-rhino_orig.png","width":1566,"height":394,"caption":"TesaTrans"},"image":{"@id":"https:\/\/tesatrans.com\/et\/#\/schema\/logo\/image\/"}}]}},"_links":{"self":[{"href":"https:\/\/tesatrans.com\/et\/wp-json\/wp\/v2\/pages\/532","targetHints":{"allow":["GET"]}}],"collection":[{"href":"https:\/\/tesatrans.com\/et\/wp-json\/wp\/v2\/pages"}],"about":[{"href":"https:\/\/tesatrans.com\/et\/wp-json\/wp\/v2\/types\/page"}],"author":[{"embeddable":true,"href":"https:\/\/tesatrans.com\/et\/wp-json\/wp\/v2\/users\/1"}],"replies":[{"embeddable":true,"href":"https:\/\/tesatrans.com\/et\/wp-json\/wp\/v2\/comments?post=532"}],"version-history":[{"count":2,"href":"https:\/\/tesatrans.com\/et\/wp-json\/wp\/v2\/pages\/532\/revisions"}],"predecessor-version":[{"id":760,"href":"https:\/\/tesatrans.com\/et\/wp-json\/wp\/v2\/pages\/532\/revisions\/760"}],"up":[{"embeddable":true,"href":"https:\/\/tesatrans.com\/et\/wp-json\/wp\/v2\/pages\/508"}],"wp:attachment":[{"href":"https:\/\/tesatrans.com\/et\/wp-json\/wp\/v2\/media?parent=532"}],"curies":[{"name":"wp","href":"https:\/\/api.w.org\/{rel}","templated":true}]}}