{"id":516,"date":"2024-08-18T14:18:15","date_gmt":"2024-08-18T14:18:15","guid":{"rendered":"https:\/\/tesatrans.com\/muuk\/"},"modified":"2024-08-30T17:49:04","modified_gmt":"2024-08-30T17:49:04","slug":"muuk","status":"publish","type":"page","link":"https:\/\/tesatrans.com\/et\/muuk\/","title":{"rendered":"M\u00fc\u00fck"},"content":{"rendered":"\t\t<div data-elementor-type=\"wp-page\" data-elementor-id=\"516\" class=\"elementor elementor-516 elementor-137\">\n\t\t\t\t<div class=\"elementor-element elementor-element-7d0bbc2 e-flex e-con-boxed e-con e-parent\" data-id=\"7d0bbc2\" data-element_type=\"container\" data-settings=\"{&quot;background_background&quot;:&quot;classic&quot;}\">\n\t\t\t\t\t<div class=\"e-con-inner\">\n\t\t\t\t\t<\/div>\n\t\t\t\t<\/div>\n\t\t<div class=\"elementor-element elementor-element-90ba915 e-flex e-con-boxed e-con e-parent\" data-id=\"90ba915\" data-element_type=\"container\">\n\t\t\t\t\t<div class=\"e-con-inner\">\n\t\t\t\t<div class=\"elementor-element elementor-element-b3966f1 exad-sticky-section-no exad-glass-effect-no elementor-widget elementor-widget-heading\" data-id=\"b3966f1\" data-element_type=\"widget\" data-widget_type=\"heading.default\">\n\t\t\t\t<div class=\"elementor-widget-container\">\n\t\t\t<style>\/*! elementor - v3.23.0 - 05-08-2024 *\/\n.elementor-heading-title{padding:0;margin:0;line-height:1}.elementor-widget-heading .elementor-heading-title[class*=elementor-size-]>a{color:inherit;font-size:inherit;line-height:inherit}.elementor-widget-heading .elementor-heading-title.elementor-size-small{font-size:15px}.elementor-widget-heading .elementor-heading-title.elementor-size-medium{font-size:19px}.elementor-widget-heading .elementor-heading-title.elementor-size-large{font-size:29px}.elementor-widget-heading .elementor-heading-title.elementor-size-xl{font-size:39px}.elementor-widget-heading .elementor-heading-title.elementor-size-xxl{font-size:59px}<\/style><h2 class=\"elementor-heading-title elementor-size-default\">Masinate m\u00fc\u00fck ja vabad t\u00f6\u00f6kohad<\/h2>\t\t<\/div>\n\t\t\t\t<\/div>\n\t\t\t\t\t<\/div>\n\t\t\t\t<\/div>\n\t\t\t\t<section class=\"elementor-section elementor-top-section elementor-element elementor-element-ix2d065 elementor-section-content-middle elementor-section-boxed elementor-section-height-default elementor-section-height-default exad-glass-effect-no exad-sticky-section-no\" data-id=\"ix2d065\" data-element_type=\"section\" data-settings=\"{&quot;background_background&quot;:&quot;classic&quot;}\">\n\t\t\t\t\t\t\t<div class=\"elementor-background-overlay\"><\/div>\n\t\t\t\t\t\t\t<div class=\"elementor-container elementor-column-gap-default\">\n\t\t\t\t\t<div class=\"exad-link-anything-wrapper elementor-column elementor-col-50 elementor-top-column elementor-element elementor-element-4e4c592 exad-glass-effect-no exad-sticky-section-no\" data-exad-element-link=\"{&quot;url&quot;:&quot;https:\\\/\\\/tesatrans.com\\\/shop\\\/&quot;,&quot;is_external&quot;:&quot;&quot;,&quot;nofollow&quot;:&quot;&quot;,&quot;custom_attributes&quot;:&quot;&quot;}\" style=\"cursor: pointer\" data-id=\"4e4c592\" data-element_type=\"column\" data-settings=\"{&quot;background_background&quot;:&quot;classic&quot;}\">\n\t\t\t<div class=\"elementor-widget-wrap elementor-element-populated\">\n\t\t\t\t\t<div class=\"elementor-background-overlay\"><\/div>\n\t\t\t\t\t\t<div class=\"elementor-element elementor-element-81b42e4 exad-sticky-section-no exad-glass-effect-no elementor-widget elementor-widget-heading\" data-id=\"81b42e4\" data-element_type=\"widget\" data-widget_type=\"heading.default\">\n\t\t\t\t<div class=\"elementor-widget-container\">\n\t\t\t<h3 class=\"elementor-heading-title elementor-size-default\">Veoautod ja haagised<\/h3>\t\t<\/div>\n\t\t\t\t<\/div>\n\t\t\t\t<div class=\"elementor-element elementor-element-6ca1df4 exad-sticky-section-no exad-glass-effect-no elementor-widget elementor-widget-text-editor\" data-id=\"6ca1df4\" data-element_type=\"widget\" data-widget_type=\"text-editor.default\">\n\t\t\t\t<div class=\"elementor-widget-container\">\n\t\t\t<style>\/*! elementor - v3.23.0 - 05-08-2024 *\/\n.elementor-widget-text-editor.elementor-drop-cap-view-stacked .elementor-drop-cap{background-color:#69727d;color:#fff}.elementor-widget-text-editor.elementor-drop-cap-view-framed .elementor-drop-cap{color:#69727d;border:3px solid;background-color:transparent}.elementor-widget-text-editor:not(.elementor-drop-cap-view-default) .elementor-drop-cap{margin-top:8px}.elementor-widget-text-editor:not(.elementor-drop-cap-view-default) .elementor-drop-cap-letter{width:1em;height:1em}.elementor-widget-text-editor .elementor-drop-cap{float:left;text-align:center;line-height:1;font-size:50px}.elementor-widget-text-editor .elementor-drop-cap-letter{display:inline-block}<\/style>\t\t\t\t<p>Seadmete m\u00fc\u00fck<\/p>\n\t\t\t\t\t\t<\/div>\n\t\t\t\t<\/div>\n\t\t\t\t\t<\/div>\n\t\t<\/div>\n\t\t\t\t<div class=\"exad-link-anything-wrapper elementor-column elementor-col-50 elementor-top-column elementor-element elementor-element-a2f4a09 exad-glass-effect-no exad-sticky-section-no\" data-exad-element-link=\"{&quot;url&quot;:&quot;https:\\\/\\\/tesatrans.com\\\/sales\\\/vacancies\\\/&quot;,&quot;is_external&quot;:&quot;&quot;,&quot;nofollow&quot;:&quot;&quot;,&quot;custom_attributes&quot;:&quot;&quot;}\" style=\"cursor: pointer\" data-id=\"a2f4a09\" data-element_type=\"column\" data-settings=\"{&quot;background_background&quot;:&quot;classic&quot;}\">\n\t\t\t<div class=\"elementor-widget-wrap elementor-element-populated\">\n\t\t\t\t\t<div class=\"elementor-background-overlay\"><\/div>\n\t\t\t\t\t\t<div class=\"elementor-element elementor-element-b83592e exad-sticky-section-no exad-glass-effect-no elementor-widget elementor-widget-heading\" data-id=\"b83592e\" data-element_type=\"widget\" data-widget_type=\"heading.default\">\n\t\t\t\t<div class=\"elementor-widget-container\">\n\t\t\t<h3 class=\"elementor-heading-title elementor-size-default\">Vabad t\u00f6\u00f6kohad<\/h3>\t\t<\/div>\n\t\t\t\t<\/div>\n\t\t\t\t<div class=\"elementor-element elementor-element-846d2f3 exad-sticky-section-no exad-glass-effect-no elementor-widget elementor-widget-text-editor\" data-id=\"846d2f3\" data-element_type=\"widget\" data-widget_type=\"text-editor.default\">\n\t\t\t\t<div class=\"elementor-widget-container\">\n\t\t\t\t\t\t\t<p>T\u00f6\u00f6pakkumised<\/p>\n\t\t\t\t\t\t<\/div>\n\t\t\t\t<\/div>\n\t\t\t\t\t<\/div>\n\t\t<\/div>\n\t\t\t\t\t<\/div>\n\t\t<\/section>\n\t\t\t\t<section class=\"elementor-section elementor-top-section elementor-element elementor-element-e9krjzv elementor-section-content-bottom elementor-section-boxed elementor-section-height-default elementor-section-height-default exad-glass-effect-no exad-sticky-section-no\" data-id=\"e9krjzv\" data-element_type=\"section\" data-settings=\"{&quot;background_background&quot;:&quot;classic&quot;}\">\n\t\t\t\t\t\t\t<div class=\"elementor-background-overlay\"><\/div>\n\t\t\t\t\t\t\t<div class=\"elementor-container elementor-column-gap-no\">\n\t\t\t\t\t<div class=\"elementor-column elementor-col-66 elementor-top-column elementor-element elementor-element-a995912 exad-glass-effect-no exad-sticky-section-no\" data-id=\"a995912\" data-element_type=\"column\">\n\t\t\t<div class=\"elementor-widget-wrap elementor-element-populated\">\n\t\t\t\t\t\t<div class=\"elementor-element elementor-element-eb0b7a4 exad-sticky-section-no exad-glass-effect-no elementor-widget elementor-widget-heading\" data-id=\"eb0b7a4\" data-element_type=\"widget\" data-widget_type=\"heading.default\">\n\t\t\t\t<div class=\"elementor-widget-container\">\n\t\t\t<h2 class=\"elementor-heading-title elementor-size-default\">Huvitatud?<\/h2>\t\t<\/div>\n\t\t\t\t<\/div>\n\t\t\t\t<div class=\"elementor-element elementor-element-7c803cd exad-sticky-section-no exad-glass-effect-no elementor-widget elementor-widget-text-editor\" data-id=\"7c803cd\" data-element_type=\"widget\" data-widget_type=\"text-editor.default\">\n\t\t\t\t<div class=\"elementor-widget-container\">\n\t\t\t\t\t\t\t<p>V\u00f5tke meiega juba t\u00e4na \u00fchendust, et saada teie vajadustele kohandatud logistilisi lahendusi!<\/p>\n\t\t\t\t\t\t<\/div>\n\t\t\t\t<\/div>\n\t\t\t\t\t<\/div>\n\t\t<\/div>\n\t\t\t\t<div class=\"elementor-column elementor-col-33 elementor-top-column elementor-element elementor-element-9683540 exad-glass-effect-no exad-sticky-section-no\" data-id=\"9683540\" data-element_type=\"column\">\n\t\t\t<div class=\"elementor-widget-wrap elementor-element-populated\">\n\t\t\t\t\t\t<div class=\"elementor-element elementor-element-2347cd9 elementor-align-right elementor-mobile-align-center exad-sticky-section-no exad-glass-effect-no elementor-widget elementor-widget-button\" data-id=\"2347cd9\" data-element_type=\"widget\" data-widget_type=\"button.default\">\n\t\t\t\t<div class=\"elementor-widget-container\">\n\t\t\t\t\t<div class=\"elementor-button-wrapper\">\n\t\t\t<a class=\"elementor-button elementor-button-link elementor-size-md elementor-animation-shrink\" href=\"https:\/\/tesatrans.com\/et\/tsitaadi-taotlus\/\">\n\t\t\t\t\t\t<span class=\"elementor-button-content-wrapper\">\n\t\t\t\t\t\t\t\t\t<span class=\"elementor-button-text\">Tsitaadi taotlus<\/span>\n\t\t\t\t\t<\/span>\n\t\t\t\t\t<\/a>\n\t\t<\/div>\n\t\t\t\t<\/div>\n\t\t\t\t<\/div>\n\t\t\t\t\t<\/div>\n\t\t<\/div>\n\t\t\t\t\t<\/div>\n\t\t<\/section>\n\t\t<div class=\"elementor-element elementor-element-b8273d0 e-flex e-con-boxed e-con e-parent\" data-id=\"b8273d0\" data-element_type=\"container\">\n\t\t\t\t\t<div class=\"e-con-inner\">\n\t\t<div class=\"elementor-element elementor-element-0a50f56 e-con-full e-flex e-con e-child\" data-id=\"0a50f56\" data-element_type=\"container\">\n\t\t\t\t<div class=\"elementor-element elementor-element-76f505f exad-sticky-section-no exad-glass-effect-no elementor-widget elementor-widget-image\" data-id=\"76f505f\" data-element_type=\"widget\" data-widget_type=\"image.default\">\n\t\t\t\t<div class=\"elementor-widget-container\">\n\t\t\t<style>\/*! elementor - v3.23.0 - 05-08-2024 *\/\n.elementor-widget-image{text-align:center}.elementor-widget-image a{display:inline-block}.elementor-widget-image a img[src$=\".svg\"]{width:48px}.elementor-widget-image img{vertical-align:middle;display:inline-block}<\/style>\t\t\t\t\t\t\t\t\t\t<img fetchpriority=\"high\" decoding=\"async\" width=\"1024\" height=\"682\" src=\"https:\/\/tesatrans.com\/wp-content\/uploads\/2024\/08\/g73b02ea307e1d87f2e9f3b9095dcb546740957b33d79e52ac5ea3c659e4bf4a6279451bc0e489f5c65ee26a25f64846d593ee9443fabee07c807df40b84e2788_1280-7346772-1024x682.jpg\" class=\"attachment-large size-large wp-image-488\" alt=\"\" srcset=\"https:\/\/tesatrans.com\/wp-content\/uploads\/2024\/08\/g73b02ea307e1d87f2e9f3b9095dcb546740957b33d79e52ac5ea3c659e4bf4a6279451bc0e489f5c65ee26a25f64846d593ee9443fabee07c807df40b84e2788_1280-7346772-1024x682.jpg 1024w, https:\/\/tesatrans.com\/wp-content\/uploads\/2024\/08\/g73b02ea307e1d87f2e9f3b9095dcb546740957b33d79e52ac5ea3c659e4bf4a6279451bc0e489f5c65ee26a25f64846d593ee9443fabee07c807df40b84e2788_1280-7346772-300x200.jpg 300w, https:\/\/tesatrans.com\/wp-content\/uploads\/2024\/08\/g73b02ea307e1d87f2e9f3b9095dcb546740957b33d79e52ac5ea3c659e4bf4a6279451bc0e489f5c65ee26a25f64846d593ee9443fabee07c807df40b84e2788_1280-7346772-768x512.jpg 768w, https:\/\/tesatrans.com\/wp-content\/uploads\/2024\/08\/g73b02ea307e1d87f2e9f3b9095dcb546740957b33d79e52ac5ea3c659e4bf4a6279451bc0e489f5c65ee26a25f64846d593ee9443fabee07c807df40b84e2788_1280-7346772.jpg 1280w\" sizes=\"(max-width: 1024px) 100vw, 1024px\" \/>\t\t\t\t\t\t\t\t\t\t\t\t\t<\/div>\n\t\t\t\t<\/div>\n\t\t\t\t<\/div>\n\t\t<div class=\"elementor-element elementor-element-cfe89aa e-con-full e-flex e-con e-child\" data-id=\"cfe89aa\" data-element_type=\"container\">\n\t\t\t\t<div class=\"elementor-element elementor-element-124ab62 exad-sticky-section-no exad-glass-effect-no elementor-widget elementor-widget-heading\" data-id=\"124ab62\" data-element_type=\"widget\" data-widget_type=\"heading.default\">\n\t\t\t\t<div class=\"elementor-widget-container\">\n\t\t\t<h2 class=\"elementor-heading-title elementor-size-default\">Usaldus ja usaldusv\u00e4\u00e4rsus<\/h2>\t\t<\/div>\n\t\t\t\t<\/div>\n\t\t\t\t<div class=\"elementor-element elementor-element-68cbee8 exad-sticky-section-no exad-glass-effect-no elementor-widget elementor-widget-text-editor\" data-id=\"68cbee8\" data-element_type=\"widget\" data-widget_type=\"text-editor.default\">\n\t\t\t\t<div class=\"elementor-widget-container\">\n\t\t\t\t\t\t\t<p>Tesatrans AS-is on usaldus ja usaldusv\u00e4\u00e4rsus esmat\u00e4htsad.<br \/>\nT\u00e4nu aastak\u00fcmnete pikkusele kogemusele ja t\u00e4iustatud tehnoloogiale tagame, et iga saadetist k\u00e4ideldakse hoolikalt ja t\u00e4pselt.<br \/>\nMeie p\u00fchendumine \u00f5igeaegsetele, turvalistele tarnetele ja selgele suhtlusele tagab, et teie veos j\u00f5uab ohutult ja \u00f5igel ajal kohale.  <\/p>\n\t\t\t\t\t\t<\/div>\n\t\t\t\t<\/div>\n\t\t\t\t<div class=\"elementor-element elementor-element-b55e78d exad-sticky-section-no exad-glass-effect-no elementor-widget elementor-widget-button\" data-id=\"b55e78d\" data-element_type=\"widget\" data-widget_type=\"button.default\">\n\t\t\t\t<div class=\"elementor-widget-container\">\n\t\t\t\t\t<div class=\"elementor-button-wrapper\">\n\t\t\t<a class=\"elementor-button elementor-button-link elementor-size-sm\" href=\"https:\/\/tesatrans.com\/et\/kontakt\/\">\n\t\t\t\t\t\t<span class=\"elementor-button-content-wrapper\">\n\t\t\t\t\t\t\t\t\t<span class=\"elementor-button-text\">V\u00f5tke \u00fchendust<\/span>\n\t\t\t\t\t<\/span>\n\t\t\t\t\t<\/a>\n\t\t<\/div>\n\t\t\t\t<\/div>\n\t\t\t\t<\/div>\n\t\t\t\t<\/div>\n\t\t\t\t\t<\/div>\n\t\t\t\t<\/div>\n\t\t\t\t<\/div>\n\t\t","protected":false},"excerpt":{"rendered":"<p>Masinate m\u00fc\u00fck ja vabad t\u00f6\u00f6kohad Veoautod ja haagised Seadmete m\u00fc\u00fck Vabad t\u00f6\u00f6kohad T\u00f6\u00f6pakkumised Huvitatud? V\u00f5tke meiega juba t\u00e4na \u00fchendust, et [&hellip;]<\/p>\n","protected":false},"author":1,"featured_media":0,"parent":0,"menu_order":0,"comment_status":"closed","ping_status":"closed","template":"elementor_header_footer","meta":{"site-sidebar-layout":"no-sidebar","site-content-layout":"plain-container","ast-site-content-layout":"full-width-container","site-content-style":"unboxed","site-sidebar-style":"default","ast-global-header-display":"","ast-banner-title-visibility":"","ast-main-header-display":"","ast-hfb-above-header-display":"","ast-hfb-below-header-display":"","ast-hfb-mobile-header-display":"","site-post-title":"disabled","ast-breadcrumbs-content":"","ast-featured-img":"disabled","footer-sml-layout":"","theme-transparent-header-meta":"enabled","adv-header-id-meta":"","stick-header-meta":"","header-above-stick-meta":"","header-main-stick-meta":"","header-below-stick-meta":"","astra-migrate-meta-layouts":"default","ast-page-background-enabled":"default","ast-page-background-meta":{"desktop":{"background-color":"var(--ast-global-color-4)","background-image":"","background-repeat":"repeat","background-position":"center center","background-size":"auto","background-attachment":"scroll","background-type":"","background-media":"","overlay-type":"","overlay-color":"","overlay-opacity":"","overlay-gradient":""},"tablet":{"background-color":"","background-image":"","background-repeat":"repeat","background-position":"center center","background-size":"auto","background-attachment":"scroll","background-type":"","background-media":"","overlay-type":"","overlay-color":"","overlay-opacity":"","overlay-gradient":""},"mobile":{"background-color":"","background-image":"","background-repeat":"repeat","background-position":"center center","background-size":"auto","background-attachment":"scroll","background-type":"","background-media":"","overlay-type":"","overlay-color":"","overlay-opacity":"","overlay-gradient":""}},"ast-content-background-meta":{"desktop":{"background-color":"var(--ast-global-color-5)","background-image":"","background-repeat":"repeat","background-position":"center center","background-size":"auto","background-attachment":"scroll","background-type":"","background-media":"","overlay-type":"","overlay-color":"","overlay-opacity":"","overlay-gradient":""},"tablet":{"background-color":"var(--ast-global-color-5)","background-image":"","background-repeat":"repeat","background-position":"center center","background-size":"auto","background-attachment":"scroll","background-type":"","background-media":"","overlay-type":"","overlay-color":"","overlay-opacity":"","overlay-gradient":""},"mobile":{"background-color":"var(--ast-global-color-5)","background-image":"","background-repeat":"repeat","background-position":"center center","background-size":"auto","background-attachment":"scroll","background-type":"","background-media":"","overlay-type":"","overlay-color":"","overlay-opacity":"","overlay-gradient":""}},"footnotes":""},"class_list":["post-516","page","type-page","status-publish","hentry"],"yoast_head":"<!-- This site is optimized with the Yoast SEO plugin v23.3 - https:\/\/yoast.com\/wordpress\/plugins\/seo\/ -->\n<title>M\u00fc\u00fck - TesaTrans<\/title>\n<meta name=\"robots\" content=\"index, follow, max-snippet:-1, max-image-preview:large, max-video-preview:-1\" \/>\n<link rel=\"canonical\" href=\"https:\/\/tesatrans.com\/et\/muuk\/\" \/>\n<meta property=\"og:locale\" content=\"et_EE\" \/>\n<meta property=\"og:type\" content=\"article\" \/>\n<meta property=\"og:title\" content=\"M\u00fc\u00fck - TesaTrans\" \/>\n<meta property=\"og:description\" content=\"Masinate m\u00fc\u00fck ja vabad t\u00f6\u00f6kohad Veoautod ja haagised Seadmete m\u00fc\u00fck Vabad t\u00f6\u00f6kohad T\u00f6\u00f6pakkumised Huvitatud? V\u00f5tke meiega juba t\u00e4na \u00fchendust, et [&hellip;]\" \/>\n<meta property=\"og:url\" content=\"https:\/\/tesatrans.com\/et\/muuk\/\" \/>\n<meta property=\"og:site_name\" content=\"TesaTrans\" \/>\n<meta property=\"article:modified_time\" content=\"2024-08-30T17:49:04+00:00\" \/>\n<meta property=\"og:image\" content=\"https:\/\/tesatrans.com\/wp-content\/uploads\/2024\/08\/g73b02ea307e1d87f2e9f3b9095dcb546740957b33d79e52ac5ea3c659e4bf4a6279451bc0e489f5c65ee26a25f64846d593ee9443fabee07c807df40b84e2788_1280-7346772-1024x682.jpg\" \/>\n<meta name=\"twitter:card\" content=\"summary_large_image\" \/>\n<meta name=\"twitter:label1\" content=\"Est. reading time\" \/>\n\t<meta name=\"twitter:data1\" content=\"1 minut\" \/>\n<script type=\"application\/ld+json\" class=\"yoast-schema-graph\">{\"@context\":\"https:\/\/schema.org\",\"@graph\":[{\"@type\":\"WebPage\",\"@id\":\"https:\/\/tesatrans.com\/et\/muuk\/\",\"url\":\"https:\/\/tesatrans.com\/et\/muuk\/\",\"name\":\"M\u00fc\u00fck - TesaTrans\",\"isPartOf\":{\"@id\":\"https:\/\/tesatrans.com\/et\/#website\"},\"primaryImageOfPage\":{\"@id\":\"https:\/\/tesatrans.com\/et\/muuk\/#primaryimage\"},\"image\":{\"@id\":\"https:\/\/tesatrans.com\/et\/muuk\/#primaryimage\"},\"thumbnailUrl\":\"https:\/\/tesatrans.com\/wp-content\/uploads\/2024\/08\/g73b02ea307e1d87f2e9f3b9095dcb546740957b33d79e52ac5ea3c659e4bf4a6279451bc0e489f5c65ee26a25f64846d593ee9443fabee07c807df40b84e2788_1280-7346772-1024x682.jpg\",\"datePublished\":\"2024-08-18T14:18:15+00:00\",\"dateModified\":\"2024-08-30T17:49:04+00:00\",\"breadcrumb\":{\"@id\":\"https:\/\/tesatrans.com\/et\/muuk\/#breadcrumb\"},\"inLanguage\":\"et\",\"potentialAction\":[{\"@type\":\"ReadAction\",\"target\":[\"https:\/\/tesatrans.com\/et\/muuk\/\"]}]},{\"@type\":\"ImageObject\",\"inLanguage\":\"et\",\"@id\":\"https:\/\/tesatrans.com\/et\/muuk\/#primaryimage\",\"url\":\"https:\/\/tesatrans.com\/wp-content\/uploads\/2024\/08\/g73b02ea307e1d87f2e9f3b9095dcb546740957b33d79e52ac5ea3c659e4bf4a6279451bc0e489f5c65ee26a25f64846d593ee9443fabee07c807df40b84e2788_1280-7346772-1024x682.jpg\",\"contentUrl\":\"https:\/\/tesatrans.com\/wp-content\/uploads\/2024\/08\/g73b02ea307e1d87f2e9f3b9095dcb546740957b33d79e52ac5ea3c659e4bf4a6279451bc0e489f5c65ee26a25f64846d593ee9443fabee07c807df40b84e2788_1280-7346772-1024x682.jpg\"},{\"@type\":\"BreadcrumbList\",\"@id\":\"https:\/\/tesatrans.com\/et\/muuk\/#breadcrumb\",\"itemListElement\":[{\"@type\":\"ListItem\",\"position\":1,\"name\":\"Home\",\"item\":\"https:\/\/tesatrans.com\/et\/\"},{\"@type\":\"ListItem\",\"position\":2,\"name\":\"M\u00fc\u00fck\"}]},{\"@type\":\"WebSite\",\"@id\":\"https:\/\/tesatrans.com\/et\/#website\",\"url\":\"https:\/\/tesatrans.com\/et\/\",\"name\":\"TesaTrans\",\"description\":\"\",\"publisher\":{\"@id\":\"https:\/\/tesatrans.com\/et\/#organization\"},\"potentialAction\":[{\"@type\":\"SearchAction\",\"target\":{\"@type\":\"EntryPoint\",\"urlTemplate\":\"https:\/\/tesatrans.com\/et\/?s={search_term_string}\"},\"query-input\":\"required name=search_term_string\"}],\"inLanguage\":\"et\"},{\"@type\":\"Organization\",\"@id\":\"https:\/\/tesatrans.com\/et\/#organization\",\"name\":\"TesaTrans\",\"url\":\"https:\/\/tesatrans.com\/et\/\",\"logo\":{\"@type\":\"ImageObject\",\"inLanguage\":\"et\",\"@id\":\"https:\/\/tesatrans.com\/et\/#\/schema\/logo\/image\/\",\"url\":\"https:\/\/tesatrans.com\/wp-content\/uploads\/2024\/08\/cropped-cropped-rhino_orig.png\",\"contentUrl\":\"https:\/\/tesatrans.com\/wp-content\/uploads\/2024\/08\/cropped-cropped-rhino_orig.png\",\"width\":1566,\"height\":394,\"caption\":\"TesaTrans\"},\"image\":{\"@id\":\"https:\/\/tesatrans.com\/et\/#\/schema\/logo\/image\/\"}}]}<\/script>\n<!-- \/ Yoast SEO plugin. -->","yoast_head_json":{"title":"M\u00fc\u00fck - TesaTrans","robots":{"index":"index","follow":"follow","max-snippet":"max-snippet:-1","max-image-preview":"max-image-preview:large","max-video-preview":"max-video-preview:-1"},"canonical":"https:\/\/tesatrans.com\/et\/muuk\/","og_locale":"et_EE","og_type":"article","og_title":"M\u00fc\u00fck - TesaTrans","og_description":"Masinate m\u00fc\u00fck ja vabad t\u00f6\u00f6kohad Veoautod ja haagised Seadmete m\u00fc\u00fck Vabad t\u00f6\u00f6kohad T\u00f6\u00f6pakkumised Huvitatud? V\u00f5tke meiega juba t\u00e4na \u00fchendust, et [&hellip;]","og_url":"https:\/\/tesatrans.com\/et\/muuk\/","og_site_name":"TesaTrans","article_modified_time":"2024-08-30T17:49:04+00:00","og_image":[{"url":"https:\/\/tesatrans.com\/wp-content\/uploads\/2024\/08\/g73b02ea307e1d87f2e9f3b9095dcb546740957b33d79e52ac5ea3c659e4bf4a6279451bc0e489f5c65ee26a25f64846d593ee9443fabee07c807df40b84e2788_1280-7346772-1024x682.jpg"}],"twitter_card":"summary_large_image","twitter_misc":{"Est. reading time":"1 minut"},"schema":{"@context":"https:\/\/schema.org","@graph":[{"@type":"WebPage","@id":"https:\/\/tesatrans.com\/et\/muuk\/","url":"https:\/\/tesatrans.com\/et\/muuk\/","name":"M\u00fc\u00fck - TesaTrans","isPartOf":{"@id":"https:\/\/tesatrans.com\/et\/#website"},"primaryImageOfPage":{"@id":"https:\/\/tesatrans.com\/et\/muuk\/#primaryimage"},"image":{"@id":"https:\/\/tesatrans.com\/et\/muuk\/#primaryimage"},"thumbnailUrl":"https:\/\/tesatrans.com\/wp-content\/uploads\/2024\/08\/g73b02ea307e1d87f2e9f3b9095dcb546740957b33d79e52ac5ea3c659e4bf4a6279451bc0e489f5c65ee26a25f64846d593ee9443fabee07c807df40b84e2788_1280-7346772-1024x682.jpg","datePublished":"2024-08-18T14:18:15+00:00","dateModified":"2024-08-30T17:49:04+00:00","breadcrumb":{"@id":"https:\/\/tesatrans.com\/et\/muuk\/#breadcrumb"},"inLanguage":"et","potentialAction":[{"@type":"ReadAction","target":["https:\/\/tesatrans.com\/et\/muuk\/"]}]},{"@type":"ImageObject","inLanguage":"et","@id":"https:\/\/tesatrans.com\/et\/muuk\/#primaryimage","url":"https:\/\/tesatrans.com\/wp-content\/uploads\/2024\/08\/g73b02ea307e1d87f2e9f3b9095dcb546740957b33d79e52ac5ea3c659e4bf4a6279451bc0e489f5c65ee26a25f64846d593ee9443fabee07c807df40b84e2788_1280-7346772-1024x682.jpg","contentUrl":"https:\/\/tesatrans.com\/wp-content\/uploads\/2024\/08\/g73b02ea307e1d87f2e9f3b9095dcb546740957b33d79e52ac5ea3c659e4bf4a6279451bc0e489f5c65ee26a25f64846d593ee9443fabee07c807df40b84e2788_1280-7346772-1024x682.jpg"},{"@type":"BreadcrumbList","@id":"https:\/\/tesatrans.com\/et\/muuk\/#breadcrumb","itemListElement":[{"@type":"ListItem","position":1,"name":"Home","item":"https:\/\/tesatrans.com\/et\/"},{"@type":"ListItem","position":2,"name":"M\u00fc\u00fck"}]},{"@type":"WebSite","@id":"https:\/\/tesatrans.com\/et\/#website","url":"https:\/\/tesatrans.com\/et\/","name":"TesaTrans","description":"","publisher":{"@id":"https:\/\/tesatrans.com\/et\/#organization"},"potentialAction":[{"@type":"SearchAction","target":{"@type":"EntryPoint","urlTemplate":"https:\/\/tesatrans.com\/et\/?s={search_term_string}"},"query-input":"required name=search_term_string"}],"inLanguage":"et"},{"@type":"Organization","@id":"https:\/\/tesatrans.com\/et\/#organization","name":"TesaTrans","url":"https:\/\/tesatrans.com\/et\/","logo":{"@type":"ImageObject","inLanguage":"et","@id":"https:\/\/tesatrans.com\/et\/#\/schema\/logo\/image\/","url":"https:\/\/tesatrans.com\/wp-content\/uploads\/2024\/08\/cropped-cropped-rhino_orig.png","contentUrl":"https:\/\/tesatrans.com\/wp-content\/uploads\/2024\/08\/cropped-cropped-rhino_orig.png","width":1566,"height":394,"caption":"TesaTrans"},"image":{"@id":"https:\/\/tesatrans.com\/et\/#\/schema\/logo\/image\/"}}]}},"_links":{"self":[{"href":"https:\/\/tesatrans.com\/et\/wp-json\/wp\/v2\/pages\/516","targetHints":{"allow":["GET"]}}],"collection":[{"href":"https:\/\/tesatrans.com\/et\/wp-json\/wp\/v2\/pages"}],"about":[{"href":"https:\/\/tesatrans.com\/et\/wp-json\/wp\/v2\/types\/page"}],"author":[{"embeddable":true,"href":"https:\/\/tesatrans.com\/et\/wp-json\/wp\/v2\/users\/1"}],"replies":[{"embeddable":true,"href":"https:\/\/tesatrans.com\/et\/wp-json\/wp\/v2\/comments?post=516"}],"version-history":[{"count":6,"href":"https:\/\/tesatrans.com\/et\/wp-json\/wp\/v2\/pages\/516\/revisions"}],"predecessor-version":[{"id":771,"href":"https:\/\/tesatrans.com\/et\/wp-json\/wp\/v2\/pages\/516\/revisions\/771"}],"wp:attachment":[{"href":"https:\/\/tesatrans.com\/et\/wp-json\/wp\/v2\/media?parent=516"}],"curies":[{"name":"wp","href":"https:\/\/api.w.org\/{rel}","templated":true}]}}