{"id":515,"date":"2024-08-18T14:30:47","date_gmt":"2024-08-18T14:30:47","guid":{"rendered":"https:\/\/tesatrans.com\/teenused\/vedela-lasti-vedu\/"},"modified":"2024-08-30T17:48:02","modified_gmt":"2024-08-30T17:48:02","slug":"vedela-lasti-vedu","status":"publish","type":"page","link":"https:\/\/tesatrans.com\/et\/teenused\/vedela-lasti-vedu\/","title":{"rendered":"Vedela lasti vedu"},"content":{"rendered":"\t\t<div data-elementor-type=\"wp-page\" data-elementor-id=\"515\" class=\"elementor elementor-515 elementor-161\">\n\t\t\t\t<div class=\"elementor-element elementor-element-7d0bbc2 e-flex e-con-boxed e-con e-parent\" data-id=\"7d0bbc2\" data-element_type=\"container\" data-settings=\"{&quot;background_background&quot;:&quot;classic&quot;}\">\n\t\t\t\t\t<div class=\"e-con-inner\">\n\t\t\t\t<div class=\"elementor-element elementor-element-466054b exad-sticky-section-no exad-glass-effect-no elementor-widget elementor-widget-heading\" data-id=\"466054b\" data-element_type=\"widget\" data-widget_type=\"heading.default\">\n\t\t\t\t<div class=\"elementor-widget-container\">\n\t\t\t<style>\/*! elementor - v3.23.0 - 05-08-2024 *\/\n.elementor-heading-title{padding:0;margin:0;line-height:1}.elementor-widget-heading .elementor-heading-title[class*=elementor-size-]>a{color:inherit;font-size:inherit;line-height:inherit}.elementor-widget-heading .elementor-heading-title.elementor-size-small{font-size:15px}.elementor-widget-heading .elementor-heading-title.elementor-size-medium{font-size:19px}.elementor-widget-heading .elementor-heading-title.elementor-size-large{font-size:29px}.elementor-widget-heading .elementor-heading-title.elementor-size-xl{font-size:39px}.elementor-widget-heading .elementor-heading-title.elementor-size-xxl{font-size:59px}<\/style><h2 class=\"elementor-heading-title elementor-size-default\">Vedela lasti vedu<\/h2>\t\t<\/div>\n\t\t\t\t<\/div>\n\t\t\t\t\t<\/div>\n\t\t\t\t<\/div>\n\t\t<div class=\"elementor-element elementor-element-e3669b8 e-flex e-con-boxed elementor-invisible e-con e-parent\" data-id=\"e3669b8\" data-element_type=\"container\" data-settings=\"{&quot;animation&quot;:&quot;slideInUp&quot;}\">\n\t\t\t\t\t<div class=\"e-con-inner\">\n\t\t\t\t<div class=\"elementor-element elementor-element-cc23214 exad-sticky-section-no exad-glass-effect-no elementor-widget elementor-widget-text-editor\" data-id=\"cc23214\" data-element_type=\"widget\" data-widget_type=\"text-editor.default\">\n\t\t\t\t<div class=\"elementor-widget-container\">\n\t\t\t<style>\/*! elementor - v3.23.0 - 05-08-2024 *\/\n.elementor-widget-text-editor.elementor-drop-cap-view-stacked .elementor-drop-cap{background-color:#69727d;color:#fff}.elementor-widget-text-editor.elementor-drop-cap-view-framed .elementor-drop-cap{color:#69727d;border:3px solid;background-color:transparent}.elementor-widget-text-editor:not(.elementor-drop-cap-view-default) .elementor-drop-cap{margin-top:8px}.elementor-widget-text-editor:not(.elementor-drop-cap-view-default) .elementor-drop-cap-letter{width:1em;height:1em}.elementor-widget-text-editor .elementor-drop-cap{float:left;text-align:center;line-height:1;font-size:50px}.elementor-widget-text-editor .elementor-drop-cap-letter{display:inline-block}<\/style>\t\t\t\t<p>Rhino Transport &amp; Logistics Groupi \u00fcks arengusuundadest on vedela lasti, eelk\u00f5ige bituumeni vedu.<\/p>\n<p>S\u00f5idukipargi hulka kuuluvad:<\/p>\n<ul class=\"list-style\">\n<li>Bituumenimahutid, kemikaalide ja toiduainetega seotud paakkonteinerid<\/li>\n<li>Paakautod, paakkonteinerid ja Flexitankid vedela lasti veoks<\/li>\n<li>ADR-luba omavad veoautod (ADR)\n<\/li>\n<\/ul>\n<p>Vajaduse korral v\u00f5ib ettev\u00f5te saada eriloa ohtlike kaupade veoks SR\u00dc riikides ja teistes Ida-Euroopa riikides.<br \/>\nMeil on kogemusi ka gaasimahutite veoga. <\/p>\n<p>K\u00f5ik ettev\u00f5tte s\u00f5idukid, mis on ette n\u00e4htud vedelate veoste rahvusvaheliseks veoks, vastavad Euroopa keskkonna-, sanitaar- ja epidemioloogilistele standarditele (eriti kui tegemist on vedelate toiduainete veoga) ning j\u00e4rgivad rangelt k\u00f5iki vajalikke ohutuseeskirju selliste veosekategooriate veol.<br \/>\nLisaks sellele v\u00f5imaldavad transpordiseadmed s\u00e4ilitada soovitud temperatuuri, et hoida vedellasti maksimaalselt ohutuna, olgu see siis jahutamine v\u00f5i soojendamine s\u00f5ltuvalt lasti t\u00fc\u00fcbist. <\/p>\n<p>Lisaks sellele kasutatakse eri t\u00fc\u00fcpi vedelate veoste jaoks sobivaid mahuteid, mahuteid t\u00f6\u00f6deldakse ja puhastatakse regulaarselt enne laadimist.<br \/>\nVedelaid veoseid vedavad s\u00f5idukijuhid l\u00e4bivad spetsiaalse ettevalmistuse ja korrap\u00e4rase arstliku l\u00e4bivaatuse. <\/p>\n<p>Vedellasti vedu vedu Rhino Transport &amp; Logistics Groupiga &#8211; see on kiire, kasulik, usaldusv\u00e4\u00e4rne ja mis veelgi t\u00e4htsam &#8211; ohutu teenus.<\/p>\n\t\t\t\t\t\t<\/div>\n\t\t\t\t<\/div>\n\t\t\t\t\t<\/div>\n\t\t\t\t<\/div>\n\t\t\t\t<\/div>\n\t\t","protected":false},"excerpt":{"rendered":"<p>Vedela lasti vedu Rhino Transport &amp; Logistics Groupi \u00fcks arengusuundadest on vedela lasti, eelk\u00f5ige bituumeni vedu. S\u00f5idukipargi hulka kuuluvad: Bituumenimahutid, [&hellip;]<\/p>\n","protected":false},"author":1,"featured_media":0,"parent":508,"menu_order":0,"comment_status":"closed","ping_status":"closed","template":"elementor_header_footer","meta":{"site-sidebar-layout":"no-sidebar","site-content-layout":"plain-container","ast-site-content-layout":"full-width-container","site-content-style":"unboxed","site-sidebar-style":"default","ast-global-header-display":"","ast-banner-title-visibility":"","ast-main-header-display":"","ast-hfb-above-header-display":"","ast-hfb-below-header-display":"","ast-hfb-mobile-header-display":"","site-post-title":"disabled","ast-breadcrumbs-content":"","ast-featured-img":"disabled","footer-sml-layout":"","theme-transparent-header-meta":"enabled","adv-header-id-meta":"","stick-header-meta":"","header-above-stick-meta":"","header-main-stick-meta":"","header-below-stick-meta":"","astra-migrate-meta-layouts":"default","ast-page-background-enabled":"default","ast-page-background-meta":{"desktop":{"background-color":"var(--ast-global-color-4)","background-image":"","background-repeat":"repeat","background-position":"center center","background-size":"auto","background-attachment":"scroll","background-type":"","background-media":"","overlay-type":"","overlay-color":"","overlay-opacity":"","overlay-gradient":""},"tablet":{"background-color":"","background-image":"","background-repeat":"repeat","background-position":"center center","background-size":"auto","background-attachment":"scroll","background-type":"","background-media":"","overlay-type":"","overlay-color":"","overlay-opacity":"","overlay-gradient":""},"mobile":{"background-color":"","background-image":"","background-repeat":"repeat","background-position":"center center","background-size":"auto","background-attachment":"scroll","background-type":"","background-media":"","overlay-type":"","overlay-color":"","overlay-opacity":"","overlay-gradient":""}},"ast-content-background-meta":{"desktop":{"background-color":"var(--ast-global-color-5)","background-image":"","background-repeat":"repeat","background-position":"center center","background-size":"auto","background-attachment":"scroll","background-type":"","background-media":"","overlay-type":"","overlay-color":"","overlay-opacity":"","overlay-gradient":""},"tablet":{"background-color":"var(--ast-global-color-5)","background-image":"","background-repeat":"repeat","background-position":"center center","background-size":"auto","background-attachment":"scroll","background-type":"","background-media":"","overlay-type":"","overlay-color":"","overlay-opacity":"","overlay-gradient":""},"mobile":{"background-color":"var(--ast-global-color-5)","background-image":"","background-repeat":"repeat","background-position":"center center","background-size":"auto","background-attachment":"scroll","background-type":"","background-media":"","overlay-type":"","overlay-color":"","overlay-opacity":"","overlay-gradient":""}},"footnotes":""},"class_list":["post-515","page","type-page","status-publish","hentry"],"yoast_head":"<!-- This site is optimized with the Yoast SEO plugin v23.3 - https:\/\/yoast.com\/wordpress\/plugins\/seo\/ -->\n<title>Vedela lasti vedu - TesaTrans<\/title>\n<meta name=\"robots\" content=\"index, follow, max-snippet:-1, max-image-preview:large, max-video-preview:-1\" \/>\n<link rel=\"canonical\" href=\"https:\/\/tesatrans.com\/et\/teenused\/vedela-lasti-vedu\/\" \/>\n<meta property=\"og:locale\" content=\"et_EE\" \/>\n<meta property=\"og:type\" content=\"article\" \/>\n<meta property=\"og:title\" content=\"Vedela lasti vedu - TesaTrans\" \/>\n<meta property=\"og:description\" content=\"Vedela lasti vedu Rhino Transport &amp; Logistics Groupi \u00fcks arengusuundadest on vedela lasti, eelk\u00f5ige bituumeni vedu. S\u00f5idukipargi hulka kuuluvad: Bituumenimahutid, [&hellip;]\" \/>\n<meta property=\"og:url\" content=\"https:\/\/tesatrans.com\/et\/teenused\/vedela-lasti-vedu\/\" \/>\n<meta property=\"og:site_name\" content=\"TesaTrans\" \/>\n<meta property=\"article:modified_time\" content=\"2024-08-30T17:48:02+00:00\" \/>\n<meta name=\"twitter:card\" content=\"summary_large_image\" \/>\n<meta name=\"twitter:label1\" content=\"Est. reading time\" \/>\n\t<meta name=\"twitter:data1\" content=\"1 minut\" \/>\n<script type=\"application\/ld+json\" class=\"yoast-schema-graph\">{\"@context\":\"https:\/\/schema.org\",\"@graph\":[{\"@type\":\"WebPage\",\"@id\":\"https:\/\/tesatrans.com\/et\/teenused\/vedela-lasti-vedu\/\",\"url\":\"https:\/\/tesatrans.com\/et\/teenused\/vedela-lasti-vedu\/\",\"name\":\"Vedela lasti vedu - TesaTrans\",\"isPartOf\":{\"@id\":\"https:\/\/tesatrans.com\/et\/#website\"},\"datePublished\":\"2024-08-18T14:30:47+00:00\",\"dateModified\":\"2024-08-30T17:48:02+00:00\",\"breadcrumb\":{\"@id\":\"https:\/\/tesatrans.com\/et\/teenused\/vedela-lasti-vedu\/#breadcrumb\"},\"inLanguage\":\"et\",\"potentialAction\":[{\"@type\":\"ReadAction\",\"target\":[\"https:\/\/tesatrans.com\/et\/teenused\/vedela-lasti-vedu\/\"]}]},{\"@type\":\"BreadcrumbList\",\"@id\":\"https:\/\/tesatrans.com\/et\/teenused\/vedela-lasti-vedu\/#breadcrumb\",\"itemListElement\":[{\"@type\":\"ListItem\",\"position\":1,\"name\":\"Home\",\"item\":\"https:\/\/tesatrans.com\/et\/\"},{\"@type\":\"ListItem\",\"position\":2,\"name\":\"Teenused\",\"item\":\"https:\/\/tesatrans.com\/et\/services\/\"},{\"@type\":\"ListItem\",\"position\":3,\"name\":\"Vedela lasti vedu\"}]},{\"@type\":\"WebSite\",\"@id\":\"https:\/\/tesatrans.com\/et\/#website\",\"url\":\"https:\/\/tesatrans.com\/et\/\",\"name\":\"TesaTrans\",\"description\":\"\",\"publisher\":{\"@id\":\"https:\/\/tesatrans.com\/et\/#organization\"},\"potentialAction\":[{\"@type\":\"SearchAction\",\"target\":{\"@type\":\"EntryPoint\",\"urlTemplate\":\"https:\/\/tesatrans.com\/et\/?s={search_term_string}\"},\"query-input\":\"required name=search_term_string\"}],\"inLanguage\":\"et\"},{\"@type\":\"Organization\",\"@id\":\"https:\/\/tesatrans.com\/et\/#organization\",\"name\":\"TesaTrans\",\"url\":\"https:\/\/tesatrans.com\/et\/\",\"logo\":{\"@type\":\"ImageObject\",\"inLanguage\":\"et\",\"@id\":\"https:\/\/tesatrans.com\/et\/#\/schema\/logo\/image\/\",\"url\":\"https:\/\/tesatrans.com\/wp-content\/uploads\/2024\/08\/cropped-cropped-rhino_orig.png\",\"contentUrl\":\"https:\/\/tesatrans.com\/wp-content\/uploads\/2024\/08\/cropped-cropped-rhino_orig.png\",\"width\":1566,\"height\":394,\"caption\":\"TesaTrans\"},\"image\":{\"@id\":\"https:\/\/tesatrans.com\/et\/#\/schema\/logo\/image\/\"}}]}<\/script>\n<!-- \/ Yoast SEO plugin. -->","yoast_head_json":{"title":"Vedela lasti vedu - TesaTrans","robots":{"index":"index","follow":"follow","max-snippet":"max-snippet:-1","max-image-preview":"max-image-preview:large","max-video-preview":"max-video-preview:-1"},"canonical":"https:\/\/tesatrans.com\/et\/teenused\/vedela-lasti-vedu\/","og_locale":"et_EE","og_type":"article","og_title":"Vedela lasti vedu - TesaTrans","og_description":"Vedela lasti vedu Rhino Transport &amp; Logistics Groupi \u00fcks arengusuundadest on vedela lasti, eelk\u00f5ige bituumeni vedu. S\u00f5idukipargi hulka kuuluvad: Bituumenimahutid, [&hellip;]","og_url":"https:\/\/tesatrans.com\/et\/teenused\/vedela-lasti-vedu\/","og_site_name":"TesaTrans","article_modified_time":"2024-08-30T17:48:02+00:00","twitter_card":"summary_large_image","twitter_misc":{"Est. reading time":"1 minut"},"schema":{"@context":"https:\/\/schema.org","@graph":[{"@type":"WebPage","@id":"https:\/\/tesatrans.com\/et\/teenused\/vedela-lasti-vedu\/","url":"https:\/\/tesatrans.com\/et\/teenused\/vedela-lasti-vedu\/","name":"Vedela lasti vedu - TesaTrans","isPartOf":{"@id":"https:\/\/tesatrans.com\/et\/#website"},"datePublished":"2024-08-18T14:30:47+00:00","dateModified":"2024-08-30T17:48:02+00:00","breadcrumb":{"@id":"https:\/\/tesatrans.com\/et\/teenused\/vedela-lasti-vedu\/#breadcrumb"},"inLanguage":"et","potentialAction":[{"@type":"ReadAction","target":["https:\/\/tesatrans.com\/et\/teenused\/vedela-lasti-vedu\/"]}]},{"@type":"BreadcrumbList","@id":"https:\/\/tesatrans.com\/et\/teenused\/vedela-lasti-vedu\/#breadcrumb","itemListElement":[{"@type":"ListItem","position":1,"name":"Home","item":"https:\/\/tesatrans.com\/et\/"},{"@type":"ListItem","position":2,"name":"Teenused","item":"https:\/\/tesatrans.com\/et\/services\/"},{"@type":"ListItem","position":3,"name":"Vedela lasti vedu"}]},{"@type":"WebSite","@id":"https:\/\/tesatrans.com\/et\/#website","url":"https:\/\/tesatrans.com\/et\/","name":"TesaTrans","description":"","publisher":{"@id":"https:\/\/tesatrans.com\/et\/#organization"},"potentialAction":[{"@type":"SearchAction","target":{"@type":"EntryPoint","urlTemplate":"https:\/\/tesatrans.com\/et\/?s={search_term_string}"},"query-input":"required name=search_term_string"}],"inLanguage":"et"},{"@type":"Organization","@id":"https:\/\/tesatrans.com\/et\/#organization","name":"TesaTrans","url":"https:\/\/tesatrans.com\/et\/","logo":{"@type":"ImageObject","inLanguage":"et","@id":"https:\/\/tesatrans.com\/et\/#\/schema\/logo\/image\/","url":"https:\/\/tesatrans.com\/wp-content\/uploads\/2024\/08\/cropped-cropped-rhino_orig.png","contentUrl":"https:\/\/tesatrans.com\/wp-content\/uploads\/2024\/08\/cropped-cropped-rhino_orig.png","width":1566,"height":394,"caption":"TesaTrans"},"image":{"@id":"https:\/\/tesatrans.com\/et\/#\/schema\/logo\/image\/"}}]}},"_links":{"self":[{"href":"https:\/\/tesatrans.com\/et\/wp-json\/wp\/v2\/pages\/515","targetHints":{"allow":["GET"]}}],"collection":[{"href":"https:\/\/tesatrans.com\/et\/wp-json\/wp\/v2\/pages"}],"about":[{"href":"https:\/\/tesatrans.com\/et\/wp-json\/wp\/v2\/types\/page"}],"author":[{"embeddable":true,"href":"https:\/\/tesatrans.com\/et\/wp-json\/wp\/v2\/users\/1"}],"replies":[{"embeddable":true,"href":"https:\/\/tesatrans.com\/et\/wp-json\/wp\/v2\/comments?post=515"}],"version-history":[{"count":2,"href":"https:\/\/tesatrans.com\/et\/wp-json\/wp\/v2\/pages\/515\/revisions"}],"predecessor-version":[{"id":757,"href":"https:\/\/tesatrans.com\/et\/wp-json\/wp\/v2\/pages\/515\/revisions\/757"}],"up":[{"embeddable":true,"href":"https:\/\/tesatrans.com\/et\/wp-json\/wp\/v2\/pages\/508"}],"wp:attachment":[{"href":"https:\/\/tesatrans.com\/et\/wp-json\/wp\/v2\/media?parent=515"}],"curies":[{"name":"wp","href":"https:\/\/api.w.org\/{rel}","templated":true}]}}